{"id":44,"date":"2024-02-17T15:52:55","date_gmt":"2024-02-17T14:52:55","guid":{"rendered":"https:\/\/www.cybersound-entertainment.de\/?page_id=44"},"modified":"2024-02-17T18:04:35","modified_gmt":"2024-02-17T17:04:35","slug":"unser-portfolio","status":"publish","type":"page","link":"https:\/\/www.cybersound-entertainment.de\/?page_id=44","title":{"rendered":"Unser Portfolio"},"content":{"rendered":"\n<p>Mit guter Erfahrung und langj\u00e4hrigen Trainings ist es m\u00f6glich, Ihnen als Kunde folgende Leistungen anbieten zu k\u00f6nnen: <br><br>&#8211; Abmischen von Livebands<br>&#8211; Erstellen von Lichtshows<br>&#8211; DJ T\u00e4tigkeiten f\u00fcr Ihre Veranstaltung<br>&#8211; Aufzeichnungen von Ihren Veranstaltungen<br>&#8211; Mastern von Aufnahmen<br>&#8211; Erstellen von Tontr\u00e4gern Ihrer Veranstaltung<br><\/p>\n\n\n\n<p><strong>Verleih von Veranstaltungstechnik<\/strong><br><br>Der Verleih umfasst einiges an technischem Equipment, dass es Ihnen erm\u00f6glicht Ihre Veranstaltung mit Aktzenten zu versehen. <br>Hierzu geh\u00f6ren unter anderem: <br><br>&#8211; Eine PA-Anlage zur Beschallung von bis zu 300 Personen<br>&#8211; Mikrofone (Kabelgebunden und Kabellos)<br>&#8211; Verschiedene Lichteffekte<br>&#8211; Nebelmaschine<br>&#8211; Showlasersystem RGB <sup>nur bei Nachweis entsprechender Qualifikationen<\/sup><br>uvm. <br><br>Haben wir Ihr Interesse geweckt ? <br>Dann setzten Sie sich mit uns in Verbindung und machen sie ihre n\u00e4chste Veranstaltung zu etwas Besonderem.<br><\/p>\n\n\n\n<p><\/p>\n","protected":false},"excerpt":{"rendered":"<p>Mit guter Erfahrung und langj\u00e4hrigen Trainings ist es m\u00f6glich, Ihnen als Kunde folgende Leistungen anbieten zu k\u00f6nnen: &#8211; Abmischen von Livebands&#8211; Erstellen von Lichtshows&#8211; DJ T\u00e4tigkeiten f\u00fcr Ihre Veranstaltung&#8211; Aufzeichnungen von Ihren Veranstaltungen&#8211; Mastern von&hellip; <\/p>\n<p><a class=\"more-link\" href=\"https:\/\/www.cybersound-entertainment.de\/?page_id=44\">Unser Portfolio weiterlesen<\/a><\/p>\n","protected":false},"author":1,"featured_media":0,"parent":0,"menu_order":0,"comment_status":"closed","ping_status":"closed","template":"","meta":{"footnotes":""},"class_list":["post-44","page","type-page","status-publish","hentry"],"_links":{"self":[{"href":"https:\/\/www.cybersound-entertainment.de\/index.php?rest_route=\/wp\/v2\/pages\/44","targetHints":{"allow":["GET"]}}],"collection":[{"href":"https:\/\/www.cybersound-entertainment.de\/index.php?rest_route=\/wp\/v2\/pages"}],"about":[{"href":"https:\/\/www.cybersound-entertainment.de\/index.php?rest_route=\/wp\/v2\/types\/page"}],"author":[{"embeddable":true,"href":"https:\/\/www.cybersound-entertainment.de\/index.php?rest_route=\/wp\/v2\/users\/1"}],"replies":[{"embeddable":true,"href":"https:\/\/www.cybersound-entertainment.de\/index.php?rest_route=%2Fwp%2Fv2%2Fcomments&post=44"}],"version-history":[{"count":12,"href":"https:\/\/www.cybersound-entertainment.de\/index.php?rest_route=\/wp\/v2\/pages\/44\/revisions"}],"predecessor-version":[{"id":90,"href":"https:\/\/www.cybersound-entertainment.de\/index.php?rest_route=\/wp\/v2\/pages\/44\/revisions\/90"}],"wp:attachment":[{"href":"https:\/\/www.cybersound-entertainment.de\/index.php?rest_route=%2Fwp%2Fv2%2Fmedia&parent=44"}],"curies":[{"name":"wp","href":"https:\/\/api.w.org\/{rel}","templated":true}]}}